{"id":761,"date":"2025-10-03T23:27:39","date_gmt":"2025-10-03T23:27:39","guid":{"rendered":"https:\/\/www.the-olive-grove.com\/olive-grove\/?page_id=761"},"modified":"2025-10-09T11:37:10","modified_gmt":"2025-10-09T11:37:10","slug":"amenities","status":"publish","type":"page","link":"http:\/\/www.the-olive-grove.com\/olive-grove\/fr\/amenities\/","title":{"rendered":"Votre S\u00e9jour"},"content":{"rendered":"\n<div class=\"wp-block-uagb-container uagb-block-ab260f0f alignfull uagb-is-root-container\"><div class=\"uagb-container-inner-blocks-wrap\">\n<div class=\"wp-block-uagb-advanced-heading uagb-block-27317833\"><h2 class=\"uagb-heading-text\">H\u00e9bergements &amp; Activit\u00e9s<\/h2><p class=\"uagb-desc-text\">\u00c0 l&#8217;oliveraie, nous vous offrons bien plus qu\u2019un simple h\u00e9bergement \u2014 nous vous invitons dans un univers de calme et de d\u00e9couverte. S\u00e9journez dans notre maison en pierre entour\u00e9e d\u2019oliviers, de cactus et de jardins. Respirez les senteurs de la nature, profitez du charme rural authentique et d\u00e9couvrez des activit\u00e9s qui vous relient \u00e0 la terre et \u00e0 la culture locale.<\/p><\/div>\n<\/div><\/div>\n\n\n\n<div class=\"wp-block-uagb-container uagb-block-ceb166e0 alignfull uagb-is-root-container\"><div class=\"uagb-container-inner-blocks-wrap\">\n<div class=\"wp-block-uagb-call-to-action uagb-block-4467f94b wp-block-button\"><div class=\"uagb-cta__wrap\"><h2 class=\"uagb-cta__title\">Activit\u00e9s<\/h2><p class=\"uagb-cta__desc\">D\u00e9pensez-vous et Relaxez-vous&#8230;<\/p><\/div><div class=\"uagb-cta__buttons\"><a href=\"#\" class=\"uagb-cta__button-link-wrapper wp-block-button__link\" target=\"_self\" rel=\"noopener noreferrer\">Reservez<\/a><\/div><\/div>\n\n\n\n<div class=\"wp-block-uagb-container uagb-layout-grid uagb-block-75d2dfa2\">\n<div class=\"wp-block-uagb-info-box uagb-block-17795cc1 uagb-infobox__content-wrap  uagb-infobox-icon-above-title uagb-infobox-image-valign-top\"><div class=\"uagb-ifb-content\"><div class=\"uagb-ifb-image-content\"><img decoding=\"async\" src=\"http:\/\/www.the-olive-grove.com\/olive-grove\/wp-content\/uploads\/2021\/05\/swimming-pool.jpg\" alt=\"\" width=\"100\" height=\"118\" loading=\"lazy\"\/><\/div><div class=\"uagb-ifb-title-wrap\"><h3 class=\"uagb-ifb-title\">Notre Piscine<\/h3><\/div><p class=\"uagb-ifb-desc\">Plongez dans le plaisir de notre piscine de 32 m\u00e8tres \u2014 id\u00e9ale pour une baignade rafra\u00eechissante, un moment de d\u00e9tente ou une s\u00e9ance dynamique d\u2019aquagym.<\/p><div class=\"uagb-ifb-button-wrapper wp-block-button\"><a href=\"#\" target=\"_self\" onclick=\"return false;\" class=\"uagb-infobox-cta-link\" rel=\"noopener noreferrer\"><span class=\"uagb-inline-editing\">READ MORE<\/span><\/a><\/div><\/div><\/div>\n\n\n\n<div class=\"wp-block-uagb-info-box uagb-block-ec0305fe uagb-infobox__content-wrap  uagb-infobox-icon-above-title uagb-infobox-image-valign-top\"><div class=\"uagb-ifb-content\"><div class=\"uagb-ifb-image-content\"><img decoding=\"async\" src=\"http:\/\/www.the-olive-grove.com\/olive-grove\/wp-content\/uploads\/2021\/05\/spa.jpg\" alt=\"\" width=\"100\" height=\"118\" loading=\"lazy\"\/><\/div><div class=\"uagb-ifb-title-wrap\"><h3 class=\"uagb-ifb-title\">Jeux &#8216;Outdoor&#8217;<\/h3><\/div><p class=\"uagb-ifb-desc\">Profitez du charme de nos jeux de jardin \u2014 en couple, entre amis ou en solo. Lancez-vous dans une partie de p\u00e9tanque, essayez le tir \u00e0 l\u2019arc ou un match anim\u00e9 de ping-pong au c\u0153ur de la nature.<\/p><div class=\"uagb-ifb-button-wrapper wp-block-button\"><a href=\"#\" target=\"_self\" onclick=\"return false;\" class=\"uagb-infobox-cta-link\" rel=\"noopener noreferrer\"><span class=\"uagb-inline-editing\">READ MORE<\/span><\/a><\/div><\/div><\/div>\n\n\n\n<div class=\"wp-block-uagb-info-box uagb-block-dfe6b605 uagb-infobox__content-wrap  uagb-infobox-icon-above-title uagb-infobox-image-valign-top\"><div class=\"uagb-ifb-content\"><div class=\"uagb-ifb-image-content\"><img decoding=\"async\" src=\"http:\/\/www.the-olive-grove.com\/olive-grove\/wp-content\/uploads\/2021\/05\/bathtub.jpg\" alt=\"\" width=\"100\" height=\"118\" loading=\"lazy\"\/><\/div><div class=\"uagb-ifb-title-wrap\"><h3 class=\"uagb-ifb-title\">Salle TV &amp; Espaces Communs<\/h3><\/div><p class=\"uagb-ifb-desc\">D\u00e9tendez-vous dans nos espaces communs accueillants \u2014 suivez un match de Ligue des Champions, la finale de Roland-Garros ou savourez simplement un bon livre en toute tranquillit\u00e9.<\/p><div class=\"uagb-ifb-button-wrapper wp-block-button\"><a href=\"#\" target=\"_self\" onclick=\"return false;\" class=\"uagb-infobox-cta-link\" rel=\"noopener noreferrer\"><span class=\"uagb-inline-editing\">READ MORE<\/span><\/a><\/div><\/div><\/div>\n\n\n\n<div class=\"wp-block-uagb-info-box uagb-block-ea50ae39 uagb-infobox__content-wrap  uagb-infobox-icon-above-title uagb-infobox-image-valign-top\"><div class=\"uagb-ifb-content\"><div class=\"uagb-ifb-image-content\"><img decoding=\"async\" src=\"http:\/\/www.the-olive-grove.com\/olive-grove\/wp-content\/uploads\/2021\/05\/rooms.jpg\" alt=\"\" width=\"100\" height=\"118\" loading=\"lazy\"\/><\/div><div class=\"uagb-ifb-title-wrap\"><h3 class=\"uagb-ifb-title\">Festins de Mabrouka<\/h3><\/div><p class=\"uagb-ifb-desc\">Notre maison est r\u00e9put\u00e9e pour ses d\u00e9licates gourmandises et ses plats raffin\u00e9s \u2014 un v\u00e9ritable voyage gustatif au c\u0153ur du terroir tunisien, sublim\u00e9 par des saveurs venues d\u2019ailleurs.<\/p><div class=\"uagb-ifb-button-wrapper wp-block-button\"><a href=\"#\" target=\"_self\" onclick=\"return false;\" class=\"uagb-infobox-cta-link\" rel=\"noopener noreferrer\"><span class=\"uagb-inline-editing\">READ MORE<\/span><\/a><\/div><\/div><\/div>\n\n\n\n<div class=\"wp-block-uagb-info-box uagb-block-dbc8a3a7 uagb-infobox__content-wrap  uagb-infobox-icon-above-title uagb-infobox-image-valign-top\"><div class=\"uagb-ifb-content\"><div class=\"uagb-ifb-image-content\"><img decoding=\"async\" src=\"http:\/\/www.the-olive-grove.com\/olive-grove\/wp-content\/uploads\/2021\/05\/computer.jpg\" alt=\"\" width=\"100\" height=\"118\" loading=\"lazy\"\/><\/div><div class=\"uagb-ifb-title-wrap\"><h3 class=\"uagb-ifb-title\">L\u2019Arcane<\/h3><\/div><p class=\"uagb-ifb-desc\">Un lieu secret o\u00f9 le temps s\u2019efface. Billard, fl\u00e9chettes, bar enti\u00e8rement \u00e9quip\u00e9, karaok\u00e9 et jeux vid\u00e9o \u2014 l\u2019endroit id\u00e9al pour faire la f\u00eate et s\u2019amuser.<\/p><div class=\"uagb-ifb-button-wrapper wp-block-button\"><a href=\"#\" target=\"_self\" onclick=\"return false;\" class=\"uagb-infobox-cta-link\" rel=\"noopener noreferrer\"><span class=\"uagb-inline-editing\">READ MORE<\/span><\/a><\/div><\/div><\/div>\n\n\n\n<div class=\"wp-block-uagb-info-box uagb-block-8d607aaa uagb-infobox__content-wrap  uagb-infobox-icon-above-title uagb-infobox-image-valign-top\"><div class=\"uagb-ifb-content\"><div class=\"uagb-ifb-image-content\"><img decoding=\"async\" src=\"http:\/\/www.the-olive-grove.com\/olive-grove\/wp-content\/uploads\/2021\/05\/concierge.jpg\" alt=\"\" width=\"100\" height=\"118\" loading=\"lazy\"\/><\/div><div class=\"uagb-ifb-title-wrap\"><h3 class=\"uagb-ifb-title\">Notre Attention 24h\/24<\/h3><\/div><p class=\"uagb-ifb-desc\">Chauffeurs priv\u00e9s, excursions organis\u00e9es vers la plage ou les villes voisines, restauration, boissons et conseils personnalis\u00e9s \u2014 notre \u00e9quipe est \u00e0 votre service jour et nuit pour garantir votre confort et votre s\u00e9curit\u00e9.<\/p><div class=\"uagb-ifb-button-wrapper wp-block-button\"><a href=\"#\" target=\"_self\" onclick=\"return false;\" class=\"uagb-infobox-cta-link\" rel=\"noopener noreferrer\"><span class=\"uagb-inline-editing\">READ MORE<\/span><\/a><\/div><\/div><\/div>\n<\/div>\n<\/div><\/div>\n\n\n\n<div class=\"wp-block-uagb-container uagb-layout-grid uagb-block-8e9a729e alignfull uagb-is-root-container\">\n<div class=\"wp-block-uagb-container uag-hide-mob uagb-layout-grid uagb-block-6622c10c\">\n<div class=\"wp-block-uagb-image uagb-block-4c9d53a3 wp-block-uagb-image--layout-default wp-block-uagb-image--effect-static wp-block-uagb-image--align-none\"><figure class=\"wp-block-uagb-image__figure\"><img decoding=\"async\" srcset=\"http:\/\/www.the-olive-grove.com\/olive-grove\/wp-content\/uploads\/2021\/05\/amenities-1.jpg \" sizes=\"auto, (max-width: 480px) 150px\" src=\"http:\/\/www.the-olive-grove.com\/olive-grove\/wp-content\/uploads\/2021\/05\/amenities-1.jpg\" alt=\"\" class=\"uag-image-220\" width=\"480\" height=\"500\" title=\"\" loading=\"lazy\" role=\"img\"\/><\/figure><\/div>\n\n\n\n<div class=\"wp-block-uagb-image uagb-block-e4108984 wp-block-uagb-image--layout-default wp-block-uagb-image--effect-static wp-block-uagb-image--align-none\"><figure class=\"wp-block-uagb-image__figure\"><img decoding=\"async\" srcset=\"http:\/\/www.the-olive-grove.com\/olive-grove\/wp-content\/uploads\/2021\/05\/amenities-3.jpg \" sizes=\"auto, (max-width: 480px) 150px\" src=\"http:\/\/www.the-olive-grove.com\/olive-grove\/wp-content\/uploads\/2021\/05\/amenities-3.jpg\" alt=\"\" class=\"uag-image-222\" width=\"480\" height=\"500\" title=\"\" loading=\"lazy\" role=\"img\"\/><\/figure><\/div>\n\n\n\n<div class=\"wp-block-uagb-container uagb-block-c4ac3168\">\n<div class=\"wp-block-uagb-image uagb-block-8b0cdfaf wp-block-uagb-image--layout-default wp-block-uagb-image--effect-static wp-block-uagb-image--align-none\"><figure class=\"wp-block-uagb-image__figure\"><img decoding=\"async\" srcset=\"http:\/\/www.the-olive-grove.com\/olive-grove\/wp-content\/uploads\/2021\/05\/amenities-5.jpg \" sizes=\"auto, (max-width: 480px) 150px\" src=\"http:\/\/www.the-olive-grove.com\/olive-grove\/wp-content\/uploads\/2021\/05\/amenities-5.jpg\" alt=\"\" class=\"uag-image-224\" width=\"960\" height=\"500\" title=\"\" loading=\"lazy\" role=\"img\"\/><\/figure><\/div>\n<\/div>\n<\/div>\n\n\n\n<div class=\"wp-block-uagb-container uagb-layout-grid uagb-block-2a744638\">\n<div class=\"wp-block-uagb-container uagb-block-07ed7677\">\n<div class=\"wp-block-uagb-image uagb-block-7bfe8c23 wp-block-uagb-image--layout-default wp-block-uagb-image--effect-static wp-block-uagb-image--align-none\"><figure class=\"wp-block-uagb-image__figure\"><img decoding=\"async\" srcset=\"http:\/\/www.the-olive-grove.com\/olive-grove\/wp-content\/uploads\/2021\/05\/amenities-6-1.jpg \" sizes=\"auto, (max-width: 480px) 150px\" src=\"http:\/\/www.the-olive-grove.com\/olive-grove\/wp-content\/uploads\/2021\/05\/amenities-6-1.jpg\" alt=\"\" class=\"uag-image-230\" width=\"960\" height=\"500\" title=\"\" loading=\"lazy\" role=\"img\"\/><\/figure><\/div>\n<\/div>\n\n\n\n<div class=\"wp-block-uagb-image uagb-block-dacf367e wp-block-uagb-image--layout-default wp-block-uagb-image--effect-static wp-block-uagb-image--align-none\"><figure class=\"wp-block-uagb-image__figure\"><img decoding=\"async\" srcset=\"http:\/\/www.the-olive-grove.com\/olive-grove\/wp-content\/uploads\/2021\/05\/amenities-2.jpg \" sizes=\"auto, (max-width: 480px) 150px\" src=\"http:\/\/www.the-olive-grove.com\/olive-grove\/wp-content\/uploads\/2021\/05\/amenities-2.jpg\" alt=\"\" class=\"uag-image-221\" width=\"480\" height=\"500\" title=\"\" loading=\"lazy\" role=\"img\"\/><\/figure><\/div>\n\n\n\n<div class=\"wp-block-uagb-image uagb-block-6dc46ae2 wp-block-uagb-image--layout-default wp-block-uagb-image--effect-static wp-block-uagb-image--align-none\"><figure class=\"wp-block-uagb-image__figure\"><img decoding=\"async\" srcset=\"http:\/\/www.the-olive-grove.com\/olive-grove\/wp-content\/uploads\/2021\/05\/amenities-4.jpg \" sizes=\"auto, (max-width: 480px) 150px\" src=\"http:\/\/www.the-olive-grove.com\/olive-grove\/wp-content\/uploads\/2021\/05\/amenities-4.jpg\" alt=\"\" class=\"uag-image-223\" width=\"480\" height=\"500\" title=\"\" loading=\"lazy\" role=\"img\"\/><\/figure><\/div>\n<\/div>\n<\/div>\n\n\n\n<div class=\"wp-block-uagb-container uagb-block-d39bdadd alignfull uagb-is-root-container\"><div class=\"uagb-container-inner-blocks-wrap\">\n<div class=\"wp-block-uagb-call-to-action uagb-block-16855b17 wp-block-button\"><div class=\"uagb-cta__wrap\"><h2 class=\"uagb-cta__title\">Autres Services &amp; Installations<\/h2><p class=\"uagb-cta__desc\">Vous en voulez plus ? Nous pensons que chaque invit\u00e9 m\u00e9rite la meilleure exp\u00e9rience possible. C\u2019est pourquoi nous allons au-del\u00e0 de l\u2019essentiel \u2014 avec des attentions particuli\u00e8res et des installations suppl\u00e9mentaires pour rendre votre s\u00e9jour inoubliable.<\/p><\/div><div class=\"uagb-cta__buttons\"><a href=\"#\" class=\"uagb-cta__button-link-wrapper wp-block-button__link\" target=\"_self\" rel=\"noopener noreferrer\">Get Bookings<\/a><\/div><\/div>\n\n\n\n<div class=\"wp-block-uagb-container uagb-layout-grid uagb-block-2bdbd6b7\">\n<div class=\"wp-block-uagb-info-box uagb-block-692cec7b uagb-infobox__content-wrap  uagb-infobox-icon-above-title uagb-infobox-image-valign-top\"><div class=\"uagb-ifb-content\"><div class=\"uagb-ifb-image-content\"><img decoding=\"async\" src=\"http:\/\/www.the-olive-grove.com\/olive-grove\/wp-content\/uploads\/2021\/05\/terrace.jpg\" alt=\"\" width=\"100\" height=\"118\" loading=\"lazy\"\/><\/div><div class=\"uagb-ifb-title-wrap\"><h3 class=\"uagb-ifb-title\">La Terrasse Panoramique 360\u00ba<\/h3><\/div><p class=\"uagb-ifb-desc\">Nich\u00e9e au c\u0153ur de la beaut\u00e9 naturelle du domaine, notre terrasse panoramique offre une vue imprenable sur la campagne \u2014 l\u2019endroit id\u00e9al pour se d\u00e9tendre et admirer le coucher du soleil.<\/p><div class=\"uagb-ifb-button-wrapper wp-block-button\"><a href=\"#\" target=\"_self\" onclick=\"return false;\" class=\"uagb-infobox-cta-link\" rel=\"noopener noreferrer\"><span class=\"uagb-inline-editing\">READ MORE<\/span><svg xmlns=\"https:\/\/www.w3.org\/2000\/svg\" viewBox=\"0 0 512 512\"><path d=\"M504.3 273.6l-112.1 104c-6.992 6.484-17.18 8.218-25.94 4.406c-8.758-3.812-14.42-12.45-14.42-21.1L351.9 288H32C14.33 288 .0002 273.7 .0002 255.1S14.33 224 32 224h319.9l0-72c0-9.547 5.66-18.19 14.42-22c8.754-3.809 18.95-2.075 25.94 4.41l112.1 104C514.6 247.9 514.6 264.1 504.3 273.6z\"><\/path><\/svg><\/a><\/div><\/div><\/div>\n\n\n\n<div class=\"wp-block-uagb-info-box uagb-block-549b63be uagb-infobox__content-wrap  uagb-infobox-icon-above-title uagb-infobox-image-valign-top\"><div class=\"uagb-ifb-content\"><div class=\"uagb-ifb-image-content\"><img decoding=\"async\" src=\"http:\/\/www.the-olive-grove.com\/olive-grove\/wp-content\/uploads\/2021\/05\/food.jpg\" alt=\"\" width=\"100\" height=\"118\" loading=\"lazy\"\/><\/div><div class=\"uagb-ifb-title-wrap\"><h3 class=\"uagb-ifb-title\">L\u2019Exp\u00e9rience Musicale<\/h3><\/div><p class=\"uagb-ifb-desc\">Notre domaine abrite le&nbsp;<strong>Olive Tree Studio<\/strong>, un studio d\u2019enregistrement enti\u00e8rement \u00e9quip\u00e9, ainsi qu\u2019un espace de r\u00e9p\u00e9tition d\u00e9di\u00e9, offrant aux artistes et aux m\u00e9lomanes un lieu inspirant pour cr\u00e9er et jouer.<\/p><div class=\"uagb-ifb-button-wrapper wp-block-button\"><a href=\"#\" target=\"_self\" onclick=\"return false;\" class=\"uagb-infobox-cta-link\" rel=\"noopener noreferrer\"><span class=\"uagb-inline-editing\">READ MORE<\/span><svg xmlns=\"https:\/\/www.w3.org\/2000\/svg\" viewBox=\"0 0 512 512\"><path d=\"M504.3 273.6l-112.1 104c-6.992 6.484-17.18 8.218-25.94 4.406c-8.758-3.812-14.42-12.45-14.42-21.1L351.9 288H32C14.33 288 .0002 273.7 .0002 255.1S14.33 224 32 224h319.9l0-72c0-9.547 5.66-18.19 14.42-22c8.754-3.809 18.95-2.075 25.94 4.41l112.1 104C514.6 247.9 514.6 264.1 504.3 273.6z\"><\/path><\/svg><\/a><\/div><\/div><\/div>\n\n\n\n<div class=\"wp-block-uagb-info-box uagb-block-8337b03d uagb-infobox__content-wrap  uagb-infobox-icon-above-title uagb-infobox-image-valign-top\"><div class=\"uagb-ifb-content\"><div class=\"uagb-ifb-image-content\"><img decoding=\"async\" src=\"http:\/\/www.the-olive-grove.com\/olive-grove\/wp-content\/uploads\/2021\/05\/beach.jpg\" alt=\"\" width=\"100\" height=\"118\" loading=\"lazy\"\/><\/div><div class=\"uagb-ifb-title-wrap\"><h3 class=\"uagb-ifb-title\">La Visite de l\u2019Oliveraie\u200b<\/h3><\/div><p class=\"uagb-ifb-desc\">Vous voulez savoir comment les meilleures olives tunisiennes deviennent le pr\u00e9cieux \u00ab or liquide \u00bb ? Tous nos invit\u00e9s sont convi\u00e9s \u00e0 notre visite exclusive \u2014 d\u00e9couvrez l\u2019art ancestral de la fabrication de l\u2019huile d\u2019olive, de l\u2019arbre \u00e0 la table.<\/p><div class=\"uagb-ifb-button-wrapper wp-block-button\"><a href=\"#\" target=\"_self\" onclick=\"return false;\" class=\"uagb-infobox-cta-link\" rel=\"noopener noreferrer\"><span class=\"uagb-inline-editing\">READ MORE<\/span><svg xmlns=\"https:\/\/www.w3.org\/2000\/svg\" viewBox=\"0 0 512 512\"><path d=\"M504.3 273.6l-112.1 104c-6.992 6.484-17.18 8.218-25.94 4.406c-8.758-3.812-14.42-12.45-14.42-21.1L351.9 288H32C14.33 288 .0002 273.7 .0002 255.1S14.33 224 32 224h319.9l0-72c0-9.547 5.66-18.19 14.42-22c8.754-3.809 18.95-2.075 25.94 4.41l112.1 104C514.6 247.9 514.6 264.1 504.3 273.6z\"><\/path><\/svg><\/a><\/div><\/div><\/div>\n<\/div>\n<\/div><\/div>\n\n\n\n<div class=\"wp-block-uagb-container uagb-block-ee54362c alignfull uagb-is-root-container\"><div class=\"uagb-container-inner-blocks-wrap\">\n<div class=\"wp-block-uagb-advanced-heading uagb-block-f4d98281\"><h2 class=\"uagb-heading-text\">Planifiez une Exp\u00e9rience Inoubliable \u00e0 L&#8217;Oliveraie d\u00e8s Aujourd\u2019hui !<\/h2><p class=\"uagb-desc-text\">Laissez-nous vous aider \u00e0 cr\u00e9er un s\u00e9jour et des activit\u00e9s sur mesure \u2014 adapt\u00e9s \u00e0 vos envies et \u00e0 votre budget.<\/p><\/div>\n\n\n\n<div class=\"wp-block-uagb-advanced-heading uagb-block-b9efa63c\"><p class=\"uagb-desc-text\">Resrvez votre sejour au<\/p><\/div>\n\n\n\n<div class=\"wp-block-uagb-icon-list uagb-block-4897b966\"><div class=\"uagb-icon-list__wrap\">\n<div class=\"wp-block-uagb-icon-list-child uagb-block-eb5da6bb\"><span class=\"uagb-icon-list__source-wrap\"><svg xmlns=\"https:\/\/www.w3.org\/2000\/svg\" viewBox=\"0 0 512 512\"><path d=\"M511.2 387l-23.25 100.8c-3.266 14.25-15.79 24.22-30.46 24.22C205.2 512 0 306.8 0 54.5c0-14.66 9.969-27.2 24.22-30.45l100.8-23.25C139.7-2.602 154.7 5.018 160.8 18.92l46.52 108.5c5.438 12.78 1.77 27.67-8.98 36.45L144.5 207.1c33.98 69.22 90.26 125.5 159.5 159.5l44.08-53.8c8.688-10.78 23.69-14.51 36.47-8.975l108.5 46.51C506.1 357.2 514.6 372.4 511.2 387z\"><\/path><\/svg><\/span><span class=\"uagb-icon-list__label\">+1-123 456 7890\u200b<\/span><\/div>\n<\/div><\/div>\n<\/div><\/div>\n\n\n\n<p><\/p>\n","protected":false},"excerpt":{"rendered":"<p>H\u00e9bergements &amp; Activit\u00e9s \u00c0 l&#8217;oliveraie, nous vous offrons bien plus qu\u2019un simple h\u00e9bergement \u2014 nous vous invitons dans un univers de calme et de d\u00e9couverte. S\u00e9journez dans notre maison en pierre entour\u00e9e d\u2019oliviers, de cactus et de jardins. Respirez les senteurs de la nature, profitez du charme rural authentique et d\u00e9couvrez des activit\u00e9s qui vous [&hellip;]<\/p>\n","protected":false},"author":1,"featured_media":0,"parent":0,"menu_order":0,"comment_status":"closed","ping_status":"closed","template":"","meta":{"_uag_custom_page_level_css":"","site-sidebar-layout":"no-sidebar","site-content-layout":"plain-container","ast-site-content-layout":"normal-width-container","site-content-style":"unboxed","site-sidebar-style":"unboxed","ast-global-header-display":"","ast-banner-title-visibility":"","ast-main-header-display":"","ast-hfb-above-header-display":"","ast-hfb-below-header-display":"","ast-hfb-mobile-header-display":"","site-post-title":"disabled","ast-breadcrumbs-content":"","ast-featured-img":"disabled","footer-sml-layout":"","theme-transparent-header-meta":"enabled","adv-header-id-meta":"","stick-header-meta":"","header-above-stick-meta":"","header-main-stick-meta":"","header-below-stick-meta":"","astra-migrate-meta-layouts":"set","ast-page-background-enabled":"default","ast-page-background-meta":{"desktop":{"background-color":"var(--ast-global-color-4)","background-image":"","background-repeat":"repeat","background-position":"center center","background-size":"auto","background-attachment":"scroll","background-type":"","background-media":"","overlay-type":"","overlay-color":"","overlay-opacity":"","overlay-gradient":""},"tablet":{"background-color":"","background-image":"","background-repeat":"repeat","background-position":"center center","background-size":"auto","background-attachment":"scroll","background-type":"","background-media":"","overlay-type":"","overlay-color":"","overlay-opacity":"","overlay-gradient":""},"mobile":{"background-color":"","background-image":"","background-repeat":"repeat","background-position":"center center","background-size":"auto","background-attachment":"scroll","background-type":"","background-media":"","overlay-type":"","overlay-color":"","overlay-opacity":"","overlay-gradient":""}},"ast-content-background-meta":{"desktop":{"background-color":"var(--ast-global-color-5)","background-image":"","background-repeat":"repeat","background-position":"center center","background-size":"auto","background-attachment":"scroll","background-type":"","background-media":"","overlay-type":"","overlay-color":"","overlay-opacity":"","overlay-gradient":""},"tablet":{"background-color":"var(--ast-global-color-5)","background-image":"","background-repeat":"repeat","background-position":"center center","background-size":"auto","background-attachment":"scroll","background-type":"","background-media":"","overlay-type":"","overlay-color":"","overlay-opacity":"","overlay-gradient":""},"mobile":{"background-color":"var(--ast-global-color-5)","background-image":"","background-repeat":"repeat","background-position":"center center","background-size":"auto","background-attachment":"scroll","background-type":"","background-media":"","overlay-type":"","overlay-color":"","overlay-opacity":"","overlay-gradient":""}},"footnotes":""},"class_list":["post-761","page","type-page","status-publish","hentry"],"uagb_featured_image_src":{"full":false,"thumbnail":false,"medium":false,"medium_large":false,"large":false,"1536x1536":false,"2048x2048":false},"uagb_author_info":{"display_name":"oliveadmin","author_link":"http:\/\/www.the-olive-grove.com\/olive-grove\/author\/oliveadmin\/"},"uagb_comment_info":0,"uagb_excerpt":"H\u00e9bergements &amp; Activit\u00e9s \u00c0 l&#8217;oliveraie, nous vous offrons bien plus qu\u2019un simple h\u00e9bergement \u2014 nous vous invitons dans un univers de calme et de d\u00e9couverte. S\u00e9journez dans notre maison en pierre entour\u00e9e d\u2019oliviers, de cactus et de jardins. Respirez les senteurs de la nature, profitez du charme rural authentique et d\u00e9couvrez des activit\u00e9s qui vous&hellip;","_links":{"self":[{"href":"http:\/\/www.the-olive-grove.com\/olive-grove\/wp-json\/wp\/v2\/pages\/761","targetHints":{"allow":["GET"]}}],"collection":[{"href":"http:\/\/www.the-olive-grove.com\/olive-grove\/wp-json\/wp\/v2\/pages"}],"about":[{"href":"http:\/\/www.the-olive-grove.com\/olive-grove\/wp-json\/wp\/v2\/types\/page"}],"author":[{"embeddable":true,"href":"http:\/\/www.the-olive-grove.com\/olive-grove\/wp-json\/wp\/v2\/users\/1"}],"replies":[{"embeddable":true,"href":"http:\/\/www.the-olive-grove.com\/olive-grove\/wp-json\/wp\/v2\/comments?post=761"}],"version-history":[{"count":8,"href":"http:\/\/www.the-olive-grove.com\/olive-grove\/wp-json\/wp\/v2\/pages\/761\/revisions"}],"predecessor-version":[{"id":1372,"href":"http:\/\/www.the-olive-grove.com\/olive-grove\/wp-json\/wp\/v2\/pages\/761\/revisions\/1372"}],"wp:attachment":[{"href":"http:\/\/www.the-olive-grove.com\/olive-grove\/wp-json\/wp\/v2\/media?parent=761"}],"curies":[{"name":"wp","href":"https:\/\/api.w.org\/{rel}","templated":true}]}}