{"id":1365,"date":"2025-10-06T02:08:08","date_gmt":"2025-10-06T02:08:08","guid":{"rendered":"https:\/\/www.the-olive-grove.com\/olive-grove\/?page_id=1365"},"modified":"2025-10-27T10:30:05","modified_gmt":"2025-10-27T10:30:05","slug":"les-chambres","status":"publish","type":"page","link":"http:\/\/www.the-olive-grove.com\/olive-grove\/fr\/les-chambres\/","title":{"rendered":"Les Chambres"},"content":{"rendered":"\n<div class=\"wp-block-uagb-container uagb-block-7c352cae alignfull uagb-is-root-container\"><div class=\"uagb-container-inner-blocks-wrap\">\n<div class=\"wp-block-uagb-advanced-heading uagb-block-22a9840d\"><h1 class=\"uagb-heading-text\">Chambres &amp; H\u00e9bergements<\/h1><p class=\"uagb-desc-text\">Si vous cherchez un lieu qui offre le confort d\u2019un chez-soi tout en vous faisant vivre la s\u00e9r\u00e9nit\u00e9 des vacances, vous \u00eates au bon endroit. Profitez d\u2019un s\u00e9jour relaxant et inoubliable. D\u00e9couvrez nos chambres et choisissez celle qui vous convient le mieux.<\/p><\/div>\n<\/div><\/div>\n\n\n\n<div class=\"wp-block-uagb-container uagb-block-096914e0 alignfull uagb-is-root-container\"><div class=\"uagb-container-inner-blocks-wrap\">\n<div class=\"wp-block-uagb-call-to-action uagb-block-16855b17 wp-block-button\"><div class=\"uagb-cta__wrap\"><h2 class=\"uagb-cta__title\">Venez S\u00e9journer Chez Nous<\/h2><p class=\"uagb-cta__desc\">Choisissez l\u2019une de nos chambres et profitez d\u2019une d\u00e9coration pleine de charme, associ\u00e9e \u00e0 des \u00e9quipements modernes pour un s\u00e9jour \u00e0 la fois confortable et inoubliable.<\/p><\/div><div class=\"uagb-cta__buttons\"><a href=\"#\" class=\"uagb-cta__button-link-wrapper wp-block-button__link\" target=\"_self\" rel=\"noopener noreferrer\">View all<\/a><\/div><\/div>\n\n\n\n<div class=\"wp-block-uagb-container uagb-layout-grid uagb-block-3a9722c6\">\n<div class=\"wp-block-uagb-info-box uagb-block-8b274a1e uagb-infobox__content-wrap  uagb-infobox-icon-above-title uagb-infobox-image-valign-top\"><div class=\"uagb-ifb-content\"><div class=\"uagb-ifb-image-content\"><img decoding=\"async\" src=\"http:\/\/www.the-olive-grove.com\/olive-grove\/wp-content\/uploads\/2021\/05\/room-1.jpg\" alt=\"\" width=\"100\" height=\"66\" loading=\"lazy\"\/><\/div><div class=\"uagb-ifb-title-wrap\"><h3 class=\"uagb-ifb-title\">La Chambre Verte &#8211; la Feuille &#8211;<\/h3><\/div><p class=\"uagb-ifb-desc\">Habill\u00e9e de nuances apaisantes de vert, cette chambre invite la s\u00e9r\u00e9nit\u00e9 des oliviers \u00e0 l\u2019int\u00e9rieur \u2014 id\u00e9ale pour un repos tranquille.<\/p><div class=\"uagb-ifb-button-wrapper wp-block-button\"><a href=\"#\" target=\"_self\" onclick=\"return false;\" class=\"uagb-infobox-cta-link\" rel=\"noopener noreferrer\"><span class=\"uagb-inline-editing\">READ MORE<\/span><\/a><\/div><\/div><\/div>\n\n\n\n<div class=\"wp-block-uagb-info-box uagb-block-328511d9 uagb-infobox__content-wrap  uagb-infobox-icon-above-title uagb-infobox-image-valign-top\"><div class=\"uagb-ifb-content\"><div class=\"uagb-ifb-image-content\"><img decoding=\"async\" src=\"http:\/\/www.the-olive-grove.com\/olive-grove\/wp-content\/uploads\/2021\/05\/room-2.jpg\" alt=\"\" width=\"100\" height=\"66\" loading=\"lazy\"\/><\/div><div class=\"uagb-ifb-title-wrap\"><h3 class=\"uagb-ifb-title\">La Chambre Bleue &#8211; Le Ciel &#8211;<\/h3><\/div><p class=\"uagb-ifb-desc\">Une douce \u00e9vasion inspir\u00e9e du ciel et de la mer voisine, offrant un espace frais et a\u00e9rien pour se d\u00e9tendre et r\u00eaver.<\/p><div class=\"uagb-ifb-button-wrapper wp-block-button\"><a href=\"#\" target=\"_self\" onclick=\"return false;\" class=\"uagb-infobox-cta-link\" rel=\"noopener noreferrer\"><span class=\"uagb-inline-editing\">READ MORE<\/span><\/a><\/div><\/div><\/div>\n\n\n\n<div class=\"wp-block-uagb-info-box uagb-block-b7ae4e19 uagb-infobox__content-wrap  uagb-infobox-icon-above-title uagb-infobox-image-valign-top\"><div class=\"uagb-ifb-content\"><div class=\"uagb-ifb-image-content\"><img decoding=\"async\" src=\"http:\/\/www.the-olive-grove.com\/olive-grove\/wp-content\/uploads\/2021\/05\/room-3-1.jpg\" alt=\"\" width=\"100\" height=\"66\" loading=\"lazy\"\/><\/div><div class=\"uagb-ifb-title-wrap\"><h3 class=\"uagb-ifb-title\">La Chambre Orange &#8211; Terra Bella &#8211;<\/h3><\/div><p class=\"uagb-ifb-desc\">Chaleureuse et accueillante, cette chambre baign\u00e9e de soleil refl\u00e8te les tons terreux de l\u2019argile tunisienne et des couchers de soleil \u00e9clatants.<\/p><div class=\"uagb-ifb-button-wrapper wp-block-button\"><a href=\"#\" target=\"_self\" onclick=\"return false;\" class=\"uagb-infobox-cta-link\" rel=\"noopener noreferrer\"><span class=\"uagb-inline-editing\">READ MORE<\/span><\/a><\/div><\/div><\/div>\n\n\n\n<div class=\"wp-block-uagb-info-box uagb-block-da9d69e8 uagb-infobox__content-wrap  uagb-infobox-icon-above-title uagb-infobox-image-valign-top\"><div class=\"uagb-ifb-content\"><div class=\"uagb-ifb-image-content\"><img decoding=\"async\" src=\"http:\/\/www.the-olive-grove.com\/olive-grove\/wp-content\/uploads\/2021\/05\/room-4-1.jpg\" alt=\"\" width=\"100\" height=\"66\" loading=\"lazy\"\/><\/div><div class=\"uagb-ifb-title-wrap\"><h3 class=\"uagb-ifb-title\">La Chambre Jaune &#8211; Le Soleil -\u200b<\/h3><\/div><p class=\"uagb-ifb-desc\">Lumineuse et joyeuse, cette chambre capture la lumi\u00e8re d\u2019un matin tunisien \u2014 un lieu \u00e0 la fois charmant et ressour\u00e7ant.<\/p><div class=\"uagb-ifb-button-wrapper wp-block-button\"><a href=\"#\" target=\"_self\" onclick=\"return false;\" class=\"uagb-infobox-cta-link\" rel=\"noopener noreferrer\"><span class=\"uagb-inline-editing\">READ MORE<\/span><\/a><\/div><\/div><\/div>\n\n\n\n<div class=\"wp-block-uagb-info-box uagb-block-7cf1adb4 uagb-infobox__content-wrap  uagb-infobox-icon-above-title uagb-infobox-image-valign-top\"><div class=\"uagb-ifb-content\"><div class=\"uagb-ifb-image-content\"><img decoding=\"async\" src=\"http:\/\/www.the-olive-grove.com\/olive-grove\/wp-content\/uploads\/2021\/05\/room-5.jpg\" alt=\"\" width=\"100\" height=\"66\" loading=\"lazy\"\/><\/div><div class=\"uagb-ifb-title-wrap\"><h3 class=\"uagb-ifb-title\">La Grande Suite &#8211; L&#8217;Olive &#8211;<\/h3><\/div><p class=\"uagb-ifb-desc\">Spacieuse et pleine de caract\u00e8re, la suite allie la beaut\u00e9 rustique des murs en pierre au confort moderne \u2014 id\u00e9ale pour les familles ou les amis.<\/p><div class=\"uagb-ifb-button-wrapper wp-block-button\"><a href=\"#\" target=\"_self\" onclick=\"return false;\" class=\"uagb-infobox-cta-link\" rel=\"noopener noreferrer\"><span class=\"uagb-inline-editing\">READ MORE<\/span><\/a><\/div><\/div><\/div>\n<\/div>\n<\/div><\/div>\n\n\n\n<div class=\"wp-block-uagb-container uagb-block-1f28a61c alignfull uagb-is-root-container\"><div class=\"uagb-container-inner-blocks-wrap\">\n<div class=\"wp-block-uagb-advanced-heading uagb-block-e9b34881\"><h1 class=\"uagb-heading-text\">Planifiez une Exp\u00e9rience Inoubliable d\u00e8s Aujourd\u2019hui !<\/h1><p class=\"uagb-desc-text\">Nous vous aiderons \u00e0 concevoir un s\u00e9jour et des activit\u00e9s sur mesure \u2014 adapt\u00e9s \u00e0 vos envies et \u00e0 votre budget.<\/p><\/div>\n\n\n\n<div class=\"wp-block-uagb-advanced-heading uagb-block-29010135\"><p class=\"uagb-desc-text\">BOOK YOUR STAY NOW\u200b<\/p><\/div>\n\n\n\n<div class=\"wp-block-uagb-icon-list uagb-block-a9bc6f94\"><div class=\"uagb-icon-list__wrap\">\n<div class=\"wp-block-uagb-icon-list-child uagb-block-fc9d43a1\"><span class=\"uagb-icon-list__source-wrap\"><svg xmlns=\"https:\/\/www.w3.org\/2000\/svg\" viewBox=\"0 0 512 512\"><path d=\"M511.2 387l-23.25 100.8c-3.266 14.25-15.79 24.22-30.46 24.22C205.2 512 0 306.8 0 54.5c0-14.66 9.969-27.2 24.22-30.45l100.8-23.25C139.7-2.602 154.7 5.018 160.8 18.92l46.52 108.5c5.438 12.78 1.77 27.67-8.98 36.45L144.5 207.1c33.98 69.22 90.26 125.5 159.5 159.5l44.08-53.8c8.688-10.78 23.69-14.51 36.47-8.975l108.5 46.51C506.1 357.2 514.6 372.4 511.2 387z\"><\/path><\/svg><\/span><span class=\"uagb-icon-list__label\">+1-123 456 7890\u200b<\/span><\/div>\n<\/div><\/div>\n<\/div><\/div>\n","protected":false},"excerpt":{"rendered":"<p>Chambres &amp; H\u00e9bergements Si vous cherchez un lieu qui offre le confort d\u2019un chez-soi tout en vous faisant vivre la s\u00e9r\u00e9nit\u00e9 des vacances, vous \u00eates au bon endroit. Profitez d\u2019un s\u00e9jour relaxant et inoubliable. D\u00e9couvrez nos chambres et choisissez celle qui vous convient le mieux. Planifiez une Exp\u00e9rience Inoubliable d\u00e8s Aujourd\u2019hui ! Nous vous aiderons [&hellip;]<\/p>\n","protected":false},"author":1,"featured_media":0,"parent":0,"menu_order":0,"comment_status":"closed","ping_status":"closed","template":"","meta":{"_uag_custom_page_level_css":"","site-sidebar-layout":"no-sidebar","site-content-layout":"plain-container","ast-site-content-layout":"normal-width-container","site-content-style":"unboxed","site-sidebar-style":"unboxed","ast-global-header-display":"","ast-banner-title-visibility":"","ast-main-header-display":"","ast-hfb-above-header-display":"","ast-hfb-below-header-display":"","ast-hfb-mobile-header-display":"","site-post-title":"disabled","ast-breadcrumbs-content":"","ast-featured-img":"disabled","footer-sml-layout":"","theme-transparent-header-meta":"enabled","adv-header-id-meta":"","stick-header-meta":"","header-above-stick-meta":"","header-main-stick-meta":"","header-below-stick-meta":"","astra-migrate-meta-layouts":"set","ast-page-background-enabled":"default","ast-page-background-meta":{"desktop":{"background-color":"var(--ast-global-color-4)","background-image":"","background-repeat":"repeat","background-position":"center center","background-size":"auto","background-attachment":"scroll","background-type":"","background-media":"","overlay-type":"","overlay-color":"","overlay-opacity":"","overlay-gradient":""},"tablet":{"background-color":"","background-image":"","background-repeat":"repeat","background-position":"center center","background-size":"auto","background-attachment":"scroll","background-type":"","background-media":"","overlay-type":"","overlay-color":"","overlay-opacity":"","overlay-gradient":""},"mobile":{"background-color":"","background-image":"","background-repeat":"repeat","background-position":"center center","background-size":"auto","background-attachment":"scroll","background-type":"","background-media":"","overlay-type":"","overlay-color":"","overlay-opacity":"","overlay-gradient":""}},"ast-content-background-meta":{"desktop":{"background-color":"var(--ast-global-color-5)","background-image":"","background-repeat":"repeat","background-position":"center center","background-size":"auto","background-attachment":"scroll","background-type":"","background-media":"","overlay-type":"","overlay-color":"","overlay-opacity":"","overlay-gradient":""},"tablet":{"background-color":"var(--ast-global-color-5)","background-image":"","background-repeat":"repeat","background-position":"center center","background-size":"auto","background-attachment":"scroll","background-type":"","background-media":"","overlay-type":"","overlay-color":"","overlay-opacity":"","overlay-gradient":""},"mobile":{"background-color":"var(--ast-global-color-5)","background-image":"","background-repeat":"repeat","background-position":"center center","background-size":"auto","background-attachment":"scroll","background-type":"","background-media":"","overlay-type":"","overlay-color":"","overlay-opacity":"","overlay-gradient":""}},"footnotes":""},"class_list":["post-1365","page","type-page","status-publish","hentry"],"uagb_featured_image_src":{"full":false,"thumbnail":false,"medium":false,"medium_large":false,"large":false,"1536x1536":false,"2048x2048":false},"uagb_author_info":{"display_name":"oliveadmin","author_link":"http:\/\/www.the-olive-grove.com\/olive-grove\/author\/oliveadmin\/"},"uagb_comment_info":0,"uagb_excerpt":"Chambres &amp; H\u00e9bergements Si vous cherchez un lieu qui offre le confort d\u2019un chez-soi tout en vous faisant vivre la s\u00e9r\u00e9nit\u00e9 des vacances, vous \u00eates au bon endroit. Profitez d\u2019un s\u00e9jour relaxant et inoubliable. D\u00e9couvrez nos chambres et choisissez celle qui vous convient le mieux. Planifiez une Exp\u00e9rience Inoubliable d\u00e8s Aujourd\u2019hui ! Nous vous aiderons&hellip;","_links":{"self":[{"href":"http:\/\/www.the-olive-grove.com\/olive-grove\/wp-json\/wp\/v2\/pages\/1365","targetHints":{"allow":["GET"]}}],"collection":[{"href":"http:\/\/www.the-olive-grove.com\/olive-grove\/wp-json\/wp\/v2\/pages"}],"about":[{"href":"http:\/\/www.the-olive-grove.com\/olive-grove\/wp-json\/wp\/v2\/types\/page"}],"author":[{"embeddable":true,"href":"http:\/\/www.the-olive-grove.com\/olive-grove\/wp-json\/wp\/v2\/users\/1"}],"replies":[{"embeddable":true,"href":"http:\/\/www.the-olive-grove.com\/olive-grove\/wp-json\/wp\/v2\/comments?post=1365"}],"version-history":[{"count":2,"href":"http:\/\/www.the-olive-grove.com\/olive-grove\/wp-json\/wp\/v2\/pages\/1365\/revisions"}],"predecessor-version":[{"id":1370,"href":"http:\/\/www.the-olive-grove.com\/olive-grove\/wp-json\/wp\/v2\/pages\/1365\/revisions\/1370"}],"wp:attachment":[{"href":"http:\/\/www.the-olive-grove.com\/olive-grove\/wp-json\/wp\/v2\/media?parent=1365"}],"curies":[{"name":"wp","href":"https:\/\/api.w.org\/{rel}","templated":true}]}}