{"id":1341,"date":"2025-10-06T01:43:26","date_gmt":"2025-10-06T01:43:26","guid":{"rendered":"https:\/\/www.the-olive-grove.com\/olive-grove\/?page_id=1341"},"modified":"2025-10-06T02:09:05","modified_gmt":"2025-10-06T02:09:05","slug":"loliveraie","status":"publish","type":"page","link":"http:\/\/www.the-olive-grove.com\/olive-grove\/fr\/loliveraie\/","title":{"rendered":"L&#8217;Oliveraie"},"content":{"rendered":"\n<div class=\"wp-block-uagb-container uagb-block-440d8177 alignfull uagb-is-root-container\"><div class=\"uagb-container-inner-blocks-wrap\">\n<div class=\"wp-block-uagb-info-box uagb-block-8ff0cd22 uagb-infobox__content-wrap  uagb-infobox-icon-above-title uagb-infobox-image-valign-top\"><div class=\"uagb-ifb-content\"><div class=\"uagb-ifb-title-wrap\"><h1 class=\"uagb-ifb-title\"><strong>Le Lieu Parfait pour Trouver l\u2019Inspiration<\/strong><\/h1><\/div><p class=\"uagb-ifb-desc\">Si vous recherchez une retraite riche en souvenirs inoubliables, vous \u00eates au bon endroit. Laissez-nous organiser pour vous un s\u00e9jour qui vous inspirera \u2014 et o\u00f9 votre cr\u00e9ativit\u00e9 pourra \u00e0 son tour inspirer les autres.<\/p><\/div><\/div>\n\n\n\n<div class=\"wp-block-uagb-buttons uagb-buttons__outer-wrap uagb-btn__default-btn uagb-btn-tablet__default-btn uagb-btn-mobile__default-btn uagb-block-879c17a2\"><div class=\"uagb-buttons__wrap uagb-buttons-layout-wrap \">\n<div class=\"wp-block-uagb-buttons-child uagb-buttons__outer-wrap uagb-block-f0cd384c wp-block-button\"><div class=\"uagb-button__wrapper\"><a class=\"uagb-buttons-repeater wp-block-button__link\" aria-label=\"\" href=\"#\" rel=\"follow noopener\" target=\"_self\" role=\"button\"><div class=\"uagb-button__link\">RESERVEZ MAINTENANT<\/div><\/a><\/div><\/div>\n<\/div><\/div>\n<\/div><\/div>\n\n\n\n<div class=\"wp-block-uagb-container uagb-block-afe409be alignfull uagb-is-root-container\"><div class=\"uagb-container-inner-blocks-wrap\">\n<div class=\"wp-block-uagb-container uagb-block-352e029b\">\n<div class=\"wp-block-uagb-info-box uagb-block-c73295a1 uagb-infobox__content-wrap  uagb-infobox-icon-above-title uagb-infobox-image-valign-top\"><div class=\"uagb-ifb-content\"><div class=\"uagb-ifb-image-content\"><img decoding=\"async\" src=\"http:\/\/www.the-olive-grove.com\/olive-grove\/wp-content\/uploads\/2021\/05\/about-us.jpg\" alt=\"\" width=\"100\" height=\"100\" loading=\"lazy\"\/><\/div><div class=\"uagb-ifb-title-wrap\"><\/div><p class=\"uagb-ifb-desc\"><strong>Entour\u00e9s de paysages \u00e0 couper le souffle et de sites touristiques captivants, nous vous facilitons la d\u00e9couverte de la r\u00e9gion. Notre guide sur place peut vous accompagner vers les lieux les plus remarquables, et nous pouvons organiser votre transport pour des d\u00e9placements ais\u00e9s vers les environs.<\/strong><\/p><div class=\"uagb-ifb-button-wrapper wp-block-button\"><a href=\"#\" class=\"uagb-infobox-cta-link wp-block-button__link\" target=\"_self\" rel=\"noopener noreferrer\" onclick=\"return false;\"><span class=\"uagb-inline-editing\">Know More<\/span><svg xmlns=\"https:\/\/www.w3.org\/2000\/svg\" viewBox=\"0 0 512 512\"><path d=\"M504.3 273.6l-112.1 104c-6.992 6.484-17.18 8.218-25.94 4.406c-8.758-3.812-14.42-12.45-14.42-21.1L351.9 288H32C14.33 288 .0002 273.7 .0002 255.1S14.33 224 32 224h319.9l0-72c0-9.547 5.66-18.19 14.42-22c8.754-3.809 18.95-2.075 25.94 4.41l112.1 104C514.6 247.9 514.6 264.1 504.3 273.6z\"><\/path><\/svg><\/a><\/div><\/div><\/div>\n<\/div>\n\n\n\n<div class=\"wp-block-uagb-container uagb-block-9f72eed1\">\n<div class=\"wp-block-uagb-advanced-heading uagb-block-e63385a1\"><h2 class=\"uagb-heading-text\">D\u00e9couvrez la R\u00e9gion d\u2019Utique<\/h2><p class=\"uagb-desc-text\"><strong>Vivez Utique dans toute son authenticit\u00e9. Explorez les ruines romaines ancestrales, embarquez pour une \u00eele isol\u00e9e le temps d\u2019une journ\u00e9e plage, savourez les d\u00e9lices locaux et impr\u00e9gnez-vous de l\u2019esprit de L&#8217;Oliveraie. Vous repartirez rempli d\u2019inspiration et de souvenirs inoubliables.<\/strong><\/p><\/div>\n\n\n\n<div class=\"wp-block-uagb-image alignleft uagb-block-9dac5077 wp-block-uagb-image--layout-default wp-block-uagb-image--effect-static wp-block-uagb-image--align-left\"><figure class=\"wp-block-uagb-image__figure\"><img decoding=\"async\" srcset=\"http:\/\/www.the-olive-grove.com\/olive-grove\/wp-content\/uploads\/2021\/05\/about-us-2-1.jpg \" sizes=\"auto, (max-width: 480px) 150px\" src=\"http:\/\/www.the-olive-grove.com\/olive-grove\/wp-content\/uploads\/2021\/05\/about-us-2-1.jpg\" alt=\"\" class=\"uag-image-88\" width=\"570\" height=\"503\" title=\"\" loading=\"lazy\" role=\"img\"\/><\/figure><\/div>\n<\/div>\n<\/div><\/div>\n\n\n\n<div class=\"wp-block-uagb-container uagb-block-fb809a4a alignfull uagb-is-root-container\"><div class=\"uagb-container-inner-blocks-wrap\">\n<div class=\"wp-block-uagb-advanced-heading uagb-block-3b943ed6\"><h2 class=\"uagb-heading-text\">Les Images de l&#8217;Oliveraie<\/h2><\/div>\n\n\n\n<div class=\"wp-block-uagb-container uagb-layout-grid uagb-block-1b27dae7\">\n<div class=\"wp-block-uagb-container uagb-layout-grid uagb-block-c2c29791\">\n<div class=\"wp-block-uagb-image uagb-block-98746964 wp-block-uagb-image--layout-default wp-block-uagb-image--effect-static wp-block-uagb-image--align-none\"><figure class=\"wp-block-uagb-image__figure\"><img decoding=\"async\" srcset=\"http:\/\/www.the-olive-grove.com\/olive-grove\/wp-content\/uploads\/2021\/05\/gallery-1.jpg ,http:\/\/www.the-olive-grove.com\/olive-grove\/wp-content\/uploads\/2021\/05\/gallery-1.jpg 780w\" sizes=\"auto, (max-width: 480px) 150px\" src=\"http:\/\/www.the-olive-grove.com\/olive-grove\/wp-content\/uploads\/2021\/05\/gallery-1.jpg\" alt=\"\" class=\"uag-image-105\" width=\"388\" height=\"240\" title=\"\" loading=\"lazy\" role=\"img\"\/><\/figure><\/div>\n\n\n\n<div class=\"wp-block-uagb-image uagb-block-1d111976 wp-block-uagb-image--layout-default wp-block-uagb-image--effect-static wp-block-uagb-image--align-none\"><figure class=\"wp-block-uagb-image__figure\"><img decoding=\"async\" srcset=\"http:\/\/www.the-olive-grove.com\/olive-grove\/wp-content\/uploads\/2021\/05\/gallery-6.jpg \" sizes=\"auto, (max-width: 480px) 150px\" src=\"http:\/\/www.the-olive-grove.com\/olive-grove\/wp-content\/uploads\/2021\/05\/gallery-6.jpg\" alt=\"\" class=\"uag-image-110\" width=\"388\" height=\"240\" title=\"\" loading=\"lazy\" role=\"img\"\/><\/figure><\/div>\n<\/div>\n\n\n\n<div class=\"wp-block-uagb-image uagb-block-47f01a3e wp-block-uagb-image--layout-default wp-block-uagb-image--effect-static wp-block-uagb-image--align-none\"><figure class=\"wp-block-uagb-image__figure\"><img decoding=\"async\" srcset=\"http:\/\/www.the-olive-grove.com\/olive-grove\/wp-content\/uploads\/2021\/05\/gallery-2.jpg ,http:\/\/www.the-olive-grove.com\/olive-grove\/wp-content\/uploads\/2021\/05\/gallery-2.jpg 780w\" sizes=\"auto, (max-width: 480px) 150px\" src=\"http:\/\/www.the-olive-grove.com\/olive-grove\/wp-content\/uploads\/2021\/05\/gallery-2.jpg\" alt=\"\" class=\"uag-image-106\" width=\"792\" height=\"504\" title=\"\" loading=\"lazy\" role=\"img\"\/><\/figure><\/div>\n<\/div>\n\n\n\n<div class=\"wp-block-uagb-container uagb-layout-grid uagb-block-617e8182\">\n<div class=\"wp-block-uagb-image uagb-block-52497628 wp-block-uagb-image--layout-default wp-block-uagb-image--effect-static wp-block-uagb-image--align-none\"><figure class=\"wp-block-uagb-image__figure\"><img decoding=\"async\" srcset=\"http:\/\/www.the-olive-grove.com\/olive-grove\/wp-content\/uploads\/2021\/05\/gallery-3.jpg ,http:\/\/www.the-olive-grove.com\/olive-grove\/wp-content\/uploads\/2021\/05\/gallery-3.jpg 780w\" sizes=\"auto, (max-width: 480px) 150px\" src=\"http:\/\/www.the-olive-grove.com\/olive-grove\/wp-content\/uploads\/2021\/05\/gallery-3.jpg\" alt=\"\" class=\"uag-image-107\" width=\"792\" height=\"504\" title=\"\" loading=\"lazy\" role=\"img\"\/><\/figure><\/div>\n\n\n\n<div class=\"wp-block-uagb-container uagb-block-2a645043\">\n<div class=\"wp-block-uagb-image uagb-block-3a4d78c9 wp-block-uagb-image--layout-default wp-block-uagb-image--effect-static wp-block-uagb-image--align-none\"><figure class=\"wp-block-uagb-image__figure\"><img decoding=\"async\" srcset=\"http:\/\/www.the-olive-grove.com\/olive-grove\/wp-content\/uploads\/2021\/05\/gallery-5.jpg \" sizes=\"auto, (max-width: 480px) 150px\" src=\"http:\/\/www.the-olive-grove.com\/olive-grove\/wp-content\/uploads\/2021\/05\/gallery-5.jpg\" alt=\"\" class=\"uag-image-109\" width=\"388\" height=\"240\" title=\"\" loading=\"lazy\" role=\"img\"\/><\/figure><\/div>\n\n\n\n<div class=\"wp-block-uagb-image uagb-block-f7a43d93 wp-block-uagb-image--layout-default wp-block-uagb-image--effect-static wp-block-uagb-image--align-none\"><figure class=\"wp-block-uagb-image__figure\"><img decoding=\"async\" srcset=\"http:\/\/www.the-olive-grove.com\/olive-grove\/wp-content\/uploads\/2021\/05\/gallery-4.jpg \" sizes=\"auto, (max-width: 480px) 150px\" src=\"http:\/\/www.the-olive-grove.com\/olive-grove\/wp-content\/uploads\/2021\/05\/gallery-4.jpg\" alt=\"\" class=\"uag-image-108\" width=\"388\" height=\"240\" title=\"\" loading=\"lazy\" role=\"img\"\/><\/figure><\/div>\n<\/div>\n<\/div>\n<\/div><\/div>\n\n\n\n<div class=\"wp-block-uagb-container uagb-block-f0f044ee alignfull uagb-is-root-container\"><div class=\"uagb-container-inner-blocks-wrap\">\n<div class=\"wp-block-uagb-advanced-heading uagb-block-45f5cdb2\"><h2 class=\"uagb-heading-text\"><strong>Ce que disent nos h\u00f4tes<\/strong><\/h2><p class=\"uagb-desc-text\">Nous sommes fiers d\u2019offrir \u00e0 nos h\u00f4tes un s\u00e9jour inoubliable. D\u00e9couvrez ce qu\u2019ils disent de leur exp\u00e9rience.<\/p><\/div>\n\n\n\n<div class=\"wp-block-uagb-container uagb-block-da69dabd\">\n<div class=\"wp-block-uagb-container uagb-block-aff0039a\">\n<div class=\"wp-block-uagb-star-rating uagb-block-bf72c023\"><div class=\"uag-star-rating\" title=\"4.5\/5\"><span class=\"uag-star\">\u2605<\/span><span class=\"uag-star\">\u2605<\/span><span class=\"uag-star\">\u2605<\/span><span class=\"uag-star\">\u2605<\/span><span class=\"uag-star\">\u2605<\/span><\/div><\/div>\n\n\n\n<div class=\"wp-block-uagb-testimonial uagb-slick-carousel uagb-tm__arrow-outside uagb-block-0f67c318 uagb-post__carousel_notset uagb-post__carousel_notset-tablet uagb-post__carousel_notset-mobile\"><div class=\"is-carousel uagb-tm__columns-1 uagb-tm__items\"><div class=\"uagb-testimonial__wrap  uagb-tm__imgicon-style-circle uagb-tm__image-position-bottom uagb-tm__bg-type-none \"><div class=\"uagb-tm__content\"><div class=\"uagb-tm__overlay\"><\/div><div class=\"uagb-tm__text-wrap\"><div class=\"uagb-tm__desc\">u0022Proin nulla mauris et volutpat adipiscing suspendisse vehicula blandit sagittis orci etiam morbi elit etiam semper eu lacus pretium hac nisl leo amet ullamcorper.u0022\u200b<\/div><div class=\"uagb-tm__meta-inner\"><div class=\"uagb-tm__image-content\"><div class=\"uagb-tm__image\"><img decoding=\"async\" class=\"uagb-tm-img-src\" src=\"http:\/\/www.the-olive-grove.com\/olive-grove\/wp-content\/uploads\/2025\/10\/testimonial1-150x150-1.jpg\" alt=\"\" width=\"32\" height=\"32\" loading=\"lazy\"\/><\/div><\/div><div class=\"uagb-testimonial-details\"><span class=\"uagb-tm__author-name\">u003cstrongu003eEMILY HUNT\u200bu003c\/strongu003e<\/span><span class=\"uagb-tm__company\"><\/span><\/div><\/div><\/div><\/div><\/div><\/div><\/div>\n\n\n\n<div class=\"wp-block-uagb-star-rating uagb-block-eeeb4356\"><div class=\"uag-star-rating\" title=\"4.5\/5\"><span class=\"uag-star\">\u2605<\/span><span class=\"uag-star\">\u2605<\/span><span class=\"uag-star\">\u2605<\/span><span class=\"uag-star\">\u2605<\/span><span class=\"uag-star\">\u2605<\/span><\/div><\/div>\n\n\n\n<div class=\"wp-block-uagb-testimonial uagb-slick-carousel uagb-tm__arrow-outside uagb-block-bb074976 uagb-post__carousel_notset uagb-post__carousel_notset-tablet uagb-post__carousel_notset-mobile\"><div class=\"is-carousel uagb-tm__columns-1 uagb-tm__items\"><div class=\"uagb-testimonial__wrap  uagb-tm__imgicon-style-circle uagb-tm__image-position-bottom uagb-tm__bg-type-none \"><div class=\"uagb-tm__content\"><div class=\"uagb-tm__overlay\"><\/div><div class=\"uagb-tm__text-wrap\"><div class=\"uagb-tm__desc\">u0022Proin nulla mauris et volutpat adipiscing suspendisse vehicula blandit sagittis orci etiam morbi elit etiam semper eu lacus pretium hac nisl leo amet ullamcorper.u0022\u200b<\/div><div class=\"uagb-tm__meta-inner\"><div class=\"uagb-tm__image-content\"><div class=\"uagb-tm__image\"><img decoding=\"async\" class=\"uagb-tm-img-src\" src=\"http:\/\/www.the-olive-grove.com\/olive-grove\/wp-content\/uploads\/2025\/10\/testimonial4-150x150-1.jpg\" alt=\"\" width=\"32\" height=\"32\" loading=\"lazy\"\/><\/div><\/div><div class=\"uagb-testimonial-details\"><span class=\"uagb-tm__author-name\">u003cstrongu003eu003cstrongu003eJULIE ROBINSON\u200bu003c\/strongu003eu003c\/strongu003e<\/span><span class=\"uagb-tm__company\"><\/span><\/div><\/div><\/div><\/div><\/div><\/div><\/div>\n<\/div>\n\n\n\n<div class=\"wp-block-uagb-container uagb-block-8363afba\">\n<div class=\"wp-block-uagb-star-rating uagb-block-06e0952c\"><div class=\"uag-star-rating\" title=\"4.5\/5\"><span class=\"uag-star\">\u2605<\/span><span class=\"uag-star\">\u2605<\/span><span class=\"uag-star\">\u2605<\/span><span class=\"uag-star\">\u2605<\/span><span class=\"uag-star\">\u2605<\/span><\/div><\/div>\n\n\n\n<div class=\"wp-block-uagb-testimonial uagb-slick-carousel uagb-tm__arrow-outside uagb-block-cec06ff0 uagb-post__carousel_notset uagb-post__carousel_notset-tablet uagb-post__carousel_notset-mobile\"><div class=\"is-carousel uagb-tm__columns-1 uagb-tm__items\"><div class=\"uagb-testimonial__wrap  uagb-tm__imgicon-style-circle uagb-tm__image-position-bottom uagb-tm__bg-type-none \"><div class=\"uagb-tm__content\"><div class=\"uagb-tm__overlay\"><\/div><div class=\"uagb-tm__text-wrap\"><div class=\"uagb-tm__desc\">u0022Proin nulla mauris et volutpat adipiscing suspendisse vehicula blandit sagittis orci etiam morbi elit etiam semper eu lacus pretium hac nisl leo amet ullamcorper.u0022\u200b<\/div><div class=\"uagb-tm__meta-inner\"><div class=\"uagb-tm__image-content\"><div class=\"uagb-tm__image\"><img decoding=\"async\" class=\"uagb-tm-img-src\" src=\"http:\/\/www.the-olive-grove.com\/olive-grove\/wp-content\/uploads\/2025\/10\/testimonial2-150x150-1.jpg\" alt=\"\" width=\"32\" height=\"32\" loading=\"lazy\"\/><\/div><\/div><div class=\"uagb-testimonial-details\"><span class=\"uagb-tm__author-name\">u003cstrongu003eu003cstrongu003eMORGAN JONATHAN\u200bu003c\/strongu003eu003c\/strongu003e<\/span><span class=\"uagb-tm__company\"><\/span><\/div><\/div><\/div><\/div><\/div><\/div><\/div>\n\n\n\n<div class=\"wp-block-uagb-star-rating uagb-block-86100a60\"><div class=\"uag-star-rating\" title=\"4.5\/5\"><span class=\"uag-star\">\u2605<\/span><span class=\"uag-star\">\u2605<\/span><span class=\"uag-star\">\u2605<\/span><span class=\"uag-star\">\u2605<\/span><span class=\"uag-star\">\u2605<\/span><\/div><\/div>\n\n\n\n<div class=\"wp-block-uagb-testimonial uagb-slick-carousel uagb-tm__arrow-outside uagb-block-d38cf66b uagb-post__carousel_notset uagb-post__carousel_notset-tablet uagb-post__carousel_notset-mobile\"><div class=\"is-carousel uagb-tm__columns-1 uagb-tm__items\"><div class=\"uagb-testimonial__wrap  uagb-tm__imgicon-style-circle uagb-tm__image-position-bottom uagb-tm__bg-type-none \"><div class=\"uagb-tm__content\"><div class=\"uagb-tm__overlay\"><\/div><div class=\"uagb-tm__text-wrap\"><div class=\"uagb-tm__desc\">u0022Proin nulla mauris et volutpat adipiscing suspendisse vehicula blandit sagittis orci etiam morbi elit etiam semper eu lacus pretium hac nisl leo amet ullamcorper.u0022\u200b<\/div><div class=\"uagb-tm__meta-inner\"><div class=\"uagb-tm__image-content\"><div class=\"uagb-tm__image\"><img decoding=\"async\" class=\"uagb-tm-img-src\" src=\"http:\/\/www.the-olive-grove.com\/olive-grove\/wp-content\/uploads\/2025\/10\/testimonial3-150x150-1.jpg\" alt=\"\" width=\"32\" height=\"32\" loading=\"lazy\"\/><\/div><\/div><div class=\"uagb-testimonial-details\"><span class=\"uagb-tm__author-name\">u003cstrongu003eu003cstrongu003eu003cstrongu003eJAMES BROOK\u200bu003c\/strongu003eu003c\/strongu003eu003c\/strongu003e<\/span><span class=\"uagb-tm__company\"><\/span><\/div><\/div><\/div><\/div><\/div><\/div><\/div>\n<\/div>\n<\/div>\n<\/div><\/div>\n\n\n\n<div class=\"wp-block-uagb-container uagb-block-04691f15 alignfull uagb-is-root-container\"><div class=\"uagb-container-inner-blocks-wrap\">\n<div class=\"wp-block-uagb-advanced-heading uagb-block-77bb8587\"><h2 class=\"uagb-heading-text\">Planifiez une Exp\u00e9rience Inspirante L&#8217;Oliveraie d\u00e8s Aujourd\u2019hui !<\/h2><p class=\"uagb-desc-text\">Nous vous aiderons \u00e0 concevoir un s\u00e9jour et des activit\u00e9s sur mesure \u2014 adapt\u00e9s \u00e0 vos envies et \u00e0 votre budget.<\/p><\/div>\n\n\n\n<div class=\"wp-block-uagb-advanced-heading uagb-block-73f3613d\"><p class=\"uagb-desc-text\">BOOK YOUR STAY NOW\u200b<\/p><\/div>\n\n\n\n<div class=\"wp-block-uagb-icon-list uagb-block-9aefea97\"><div class=\"uagb-icon-list__wrap\">\n<div class=\"wp-block-uagb-icon-list-child uagb-block-25196855\"><span class=\"uagb-icon-list__source-wrap\"><svg xmlns=\"https:\/\/www.w3.org\/2000\/svg\" viewBox=\"0 0 512 512\"><path d=\"M511.2 387l-23.25 100.8c-3.266 14.25-15.79 24.22-30.46 24.22C205.2 512 0 306.8 0 54.5c0-14.66 9.969-27.2 24.22-30.45l100.8-23.25C139.7-2.602 154.7 5.018 160.8 18.92l46.52 108.5c5.438 12.78 1.77 27.67-8.98 36.45L144.5 207.1c33.98 69.22 90.26 125.5 159.5 159.5l44.08-53.8c8.688-10.78 23.69-14.51 36.47-8.975l108.5 46.51C506.1 357.2 514.6 372.4 511.2 387z\"><\/path><\/svg><\/span><span class=\"uagb-icon-list__label\">+1-123 456 7890\u200b<\/span><\/div>\n<\/div><\/div>\n<\/div><\/div>\n","protected":false},"excerpt":{"rendered":"<p>D\u00e9couvrez la R\u00e9gion d\u2019Utique Vivez Utique dans toute son authenticit\u00e9. Explorez les ruines romaines ancestrales, embarquez pour une \u00eele isol\u00e9e le temps d\u2019une journ\u00e9e plage, savourez les d\u00e9lices locaux et impr\u00e9gnez-vous de l\u2019esprit de L&#8217;Oliveraie. Vous repartirez rempli d\u2019inspiration et de souvenirs inoubliables. Les Images de l&#8217;Oliveraie Ce que disent nos h\u00f4tes Nous sommes fiers [&hellip;]<\/p>\n","protected":false},"author":1,"featured_media":0,"parent":0,"menu_order":0,"comment_status":"closed","ping_status":"closed","template":"","meta":{"_uag_custom_page_level_css":"","site-sidebar-layout":"default","site-content-layout":"","ast-site-content-layout":"normal-width-container","site-content-style":"unboxed","site-sidebar-style":"unboxed","ast-global-header-display":"","ast-banner-title-visibility":"","ast-main-header-display":"","ast-hfb-above-header-display":"","ast-hfb-below-header-display":"","ast-hfb-mobile-header-display":"","site-post-title":"","ast-breadcrumbs-content":"","ast-featured-img":"","footer-sml-layout":"","theme-transparent-header-meta":"","adv-header-id-meta":"","stick-header-meta":"","header-above-stick-meta":"","header-main-stick-meta":"","header-below-stick-meta":"","astra-migrate-meta-layouts":"set","ast-page-background-enabled":"default","ast-page-background-meta":{"desktop":{"background-color":"var(--ast-global-color-4)","background-image":"","background-repeat":"repeat","background-position":"center center","background-size":"auto","background-attachment":"scroll","background-type":"","background-media":"","overlay-type":"","overlay-color":"","overlay-opacity":"","overlay-gradient":""},"tablet":{"background-color":"","background-image":"","background-repeat":"repeat","background-position":"center center","background-size":"auto","background-attachment":"scroll","background-type":"","background-media":"","overlay-type":"","overlay-color":"","overlay-opacity":"","overlay-gradient":""},"mobile":{"background-color":"","background-image":"","background-repeat":"repeat","background-position":"center center","background-size":"auto","background-attachment":"scroll","background-type":"","background-media":"","overlay-type":"","overlay-color":"","overlay-opacity":"","overlay-gradient":""}},"ast-content-background-meta":{"desktop":{"background-color":"var(--ast-global-color-5)","background-image":"","background-repeat":"repeat","background-position":"center center","background-size":"auto","background-attachment":"scroll","background-type":"","background-media":"","overlay-type":"","overlay-color":"","overlay-opacity":"","overlay-gradient":""},"tablet":{"background-color":"var(--ast-global-color-5)","background-image":"","background-repeat":"repeat","background-position":"center center","background-size":"auto","background-attachment":"scroll","background-type":"","background-media":"","overlay-type":"","overlay-color":"","overlay-opacity":"","overlay-gradient":""},"mobile":{"background-color":"var(--ast-global-color-5)","background-image":"","background-repeat":"repeat","background-position":"center center","background-size":"auto","background-attachment":"scroll","background-type":"","background-media":"","overlay-type":"","overlay-color":"","overlay-opacity":"","overlay-gradient":""}},"footnotes":""},"class_list":["post-1341","page","type-page","status-publish","hentry"],"uagb_featured_image_src":{"full":false,"thumbnail":false,"medium":false,"medium_large":false,"large":false,"1536x1536":false,"2048x2048":false},"uagb_author_info":{"display_name":"oliveadmin","author_link":"http:\/\/www.the-olive-grove.com\/olive-grove\/author\/oliveadmin\/"},"uagb_comment_info":0,"uagb_excerpt":"D\u00e9couvrez la R\u00e9gion d\u2019Utique Vivez Utique dans toute son authenticit\u00e9. Explorez les ruines romaines ancestrales, embarquez pour une \u00eele isol\u00e9e le temps d\u2019une journ\u00e9e plage, savourez les d\u00e9lices locaux et impr\u00e9gnez-vous de l\u2019esprit de L&#8217;Oliveraie. Vous repartirez rempli d\u2019inspiration et de souvenirs inoubliables. Les Images de l&#8217;Oliveraie Ce que disent nos h\u00f4tes Nous sommes fiers&hellip;","_links":{"self":[{"href":"http:\/\/www.the-olive-grove.com\/olive-grove\/wp-json\/wp\/v2\/pages\/1341","targetHints":{"allow":["GET"]}}],"collection":[{"href":"http:\/\/www.the-olive-grove.com\/olive-grove\/wp-json\/wp\/v2\/pages"}],"about":[{"href":"http:\/\/www.the-olive-grove.com\/olive-grove\/wp-json\/wp\/v2\/types\/page"}],"author":[{"embeddable":true,"href":"http:\/\/www.the-olive-grove.com\/olive-grove\/wp-json\/wp\/v2\/users\/1"}],"replies":[{"embeddable":true,"href":"http:\/\/www.the-olive-grove.com\/olive-grove\/wp-json\/wp\/v2\/comments?post=1341"}],"version-history":[{"count":4,"href":"http:\/\/www.the-olive-grove.com\/olive-grove\/wp-json\/wp\/v2\/pages\/1341\/revisions"}],"predecessor-version":[{"id":1368,"href":"http:\/\/www.the-olive-grove.com\/olive-grove\/wp-json\/wp\/v2\/pages\/1341\/revisions\/1368"}],"wp:attachment":[{"href":"http:\/\/www.the-olive-grove.com\/olive-grove\/wp-json\/wp\/v2\/media?parent=1341"}],"curies":[{"name":"wp","href":"https:\/\/api.w.org\/{rel}","templated":true}]}}